{"id":545,"date":"2016-02-16T11:49:20","date_gmt":"2016-02-16T11:49:20","guid":{"rendered":"https:\/\/locamaxime.com\/?page_id=545"},"modified":"2016-02-16T11:49:20","modified_gmt":"2016-02-16T11:49:20","slug":"under-construction","status":"publish","type":"page","link":"https:\/\/locamaxime.com\/index.php\/under-construction\/","title":{"rendered":"Under Construction"},"content":{"rendered":"<p>Lorem ipsum dolor sit amet, quis tation ius ut, sea paulo civibus efficiendi at. Per ei essent discere vituperatoribus, cum ei ornatus adversarium, vix alia ignota ei. Sea te veri mentitum necessitatibus, ut falli dicunt hendrerit ius. Ei novum labore percipit his, ei augue aeterno facilisis vis, te quas offendit eum.<\/p>\n<p>Dicant nostro pericula per at. Vim quod suscipit no, eu sed labore discere liberavisse, pri dico tamquam patrioque eu. Eius minim id per, at tincidunt inciderint pri. Nonumes vivendum appellantur usu ad, id usu alii interpretaris. Et dolorum complectitur sit.<\/p>\n<p>His ex lobortis iudicabit, sit vivendum deserunt theophrastus at. Vero labore ocurreret usu ne. Nam aliquam imperdiet te, et perfecto vituperatoribus cum. Ei nec movet tibique corrumpit, ea ullum affert cum, no veniam vivendum duo. Hinc case mundi cu vim.<\/p>\n<p>Sed id graeco tibique. Ad graecis liberavisse nam. Ut mea aperiam epicuri verterem. Cibo explicari ea vim, cu platonem persecuti eos, te soluta vituperata liberavisse ius. Vitae euismod eu quo.<\/p>\n<p>Ea tale quaeque percipitur eos, id eos eruditi lucilius disputationi, sea an exerci sadipscing. Dolor euismod verterem quo ei, duo facete sensibus scriptorem an, tamquam propriae mel id. Eu dolore partem nam, noluisse electram definitiones his at. Vide dignissim euripidis mea at. Te velit quaerendum vim, doctus ancillae ad duo, tamquam meliore an eum. Duo augue deleniti praesent ex, sea ne summo fabulas, mel unum modus et.<\/p>\n","protected":false},"excerpt":{"rendered":"<p>Lorem ipsum dolor sit amet, quis tation ius ut, sea paulo civibus efficiendi at. Per ei essent discere vituperatoribus, cum ei ornatus adversarium, vix alia ignota ei. Sea te veri mentitum necessitatibus, ut falli dicunt hendrerit ius. Ei novum labore percipit his, ei augue aeterno facilisis vis, te quas offendit eum. Dicant nostro pericula per [&hellip;]<\/p>\n","protected":false},"author":8,"featured_media":0,"parent":0,"menu_order":0,"comment_status":"closed","ping_status":"closed","template":"","meta":{"_monsterinsights_skip_tracking":false,"_monsterinsights_sitenote_active":false,"_monsterinsights_sitenote_note":"","_monsterinsights_sitenote_category":0,"footnotes":""},"class_list":["post-545","page","type-page","status-publish","hentry"],"yoast_head":"<!-- This site is optimized with the Yoast SEO plugin v27.5 - https:\/\/yoast.com\/product\/yoast-seo-wordpress\/ -->\n<title>Under Construction - Appartements \u00e0 louer \u00e0 Sainte-Maxime<\/title>\n<meta name=\"robots\" content=\"index, follow, max-snippet:-1, max-image-preview:large, max-video-preview:-1\" \/>\n<link rel=\"canonical\" href=\"https:\/\/locamaxime.com\/index.php\/under-construction\/\" \/>\n<meta property=\"og:locale\" content=\"fr_FR\" \/>\n<meta property=\"og:type\" content=\"article\" \/>\n<meta property=\"og:title\" content=\"Under Construction - Appartements \u00e0 louer \u00e0 Sainte-Maxime\" \/>\n<meta property=\"og:description\" content=\"Lorem ipsum dolor sit amet, quis tation ius ut, sea paulo civibus efficiendi at. Per ei essent discere vituperatoribus, cum ei ornatus adversarium, vix alia ignota ei. Sea te veri mentitum necessitatibus, ut falli dicunt hendrerit ius. Ei novum labore percipit his, ei augue aeterno facilisis vis, te quas offendit eum. Dicant nostro pericula per [&hellip;]\" \/>\n<meta property=\"og:url\" content=\"https:\/\/locamaxime.com\/index.php\/under-construction\/\" \/>\n<meta property=\"og:site_name\" content=\"Appartements \u00e0 louer \u00e0 Sainte-Maxime\" \/>\n<meta name=\"twitter:card\" content=\"summary_large_image\" \/>\n<meta name=\"twitter:label1\" content=\"Dur\u00e9e de lecture estim\u00e9e\" \/>\n\t<meta name=\"twitter:data1\" content=\"1 minute\" \/>\n<script type=\"application\/ld+json\" class=\"yoast-schema-graph\">{\"@context\":\"https:\\\/\\\/schema.org\",\"@graph\":[{\"@type\":\"WebPage\",\"@id\":\"https:\\\/\\\/locamaxime.com\\\/index.php\\\/under-construction\\\/\",\"url\":\"https:\\\/\\\/locamaxime.com\\\/index.php\\\/under-construction\\\/\",\"name\":\"Under Construction - Appartements \u00e0 louer \u00e0 Sainte-Maxime\",\"isPartOf\":{\"@id\":\"https:\\\/\\\/locamaxime.com\\\/#website\"},\"datePublished\":\"2016-02-16T11:49:20+00:00\",\"breadcrumb\":{\"@id\":\"https:\\\/\\\/locamaxime.com\\\/index.php\\\/under-construction\\\/#breadcrumb\"},\"inLanguage\":\"fr-FR\",\"potentialAction\":[{\"@type\":\"ReadAction\",\"target\":[\"https:\\\/\\\/locamaxime.com\\\/index.php\\\/under-construction\\\/\"]}]},{\"@type\":\"BreadcrumbList\",\"@id\":\"https:\\\/\\\/locamaxime.com\\\/index.php\\\/under-construction\\\/#breadcrumb\",\"itemListElement\":[{\"@type\":\"ListItem\",\"position\":1,\"name\":\"Accueil\",\"item\":\"https:\\\/\\\/locamaxime.com\\\/\"},{\"@type\":\"ListItem\",\"position\":2,\"name\":\"Under Construction\"}]},{\"@type\":\"WebSite\",\"@id\":\"https:\\\/\\\/locamaxime.com\\\/#website\",\"url\":\"https:\\\/\\\/locamaxime.com\\\/\",\"name\":\"Appartements \u00e0 louer \u00e0 Sainte-Maxime\",\"description\":\"\",\"potentialAction\":[{\"@type\":\"SearchAction\",\"target\":{\"@type\":\"EntryPoint\",\"urlTemplate\":\"https:\\\/\\\/locamaxime.com\\\/?s={search_term_string}\"},\"query-input\":{\"@type\":\"PropertyValueSpecification\",\"valueRequired\":true,\"valueName\":\"search_term_string\"}}],\"inLanguage\":\"fr-FR\"}]}<\/script>\n<!-- \/ Yoast SEO plugin. -->","yoast_head_json":{"title":"Under Construction - Appartements \u00e0 louer \u00e0 Sainte-Maxime","robots":{"index":"index","follow":"follow","max-snippet":"max-snippet:-1","max-image-preview":"max-image-preview:large","max-video-preview":"max-video-preview:-1"},"canonical":"https:\/\/locamaxime.com\/index.php\/under-construction\/","og_locale":"fr_FR","og_type":"article","og_title":"Under Construction - Appartements \u00e0 louer \u00e0 Sainte-Maxime","og_description":"Lorem ipsum dolor sit amet, quis tation ius ut, sea paulo civibus efficiendi at. Per ei essent discere vituperatoribus, cum ei ornatus adversarium, vix alia ignota ei. Sea te veri mentitum necessitatibus, ut falli dicunt hendrerit ius. Ei novum labore percipit his, ei augue aeterno facilisis vis, te quas offendit eum. Dicant nostro pericula per [&hellip;]","og_url":"https:\/\/locamaxime.com\/index.php\/under-construction\/","og_site_name":"Appartements \u00e0 louer \u00e0 Sainte-Maxime","twitter_card":"summary_large_image","twitter_misc":{"Dur\u00e9e de lecture estim\u00e9e":"1 minute"},"schema":{"@context":"https:\/\/schema.org","@graph":[{"@type":"WebPage","@id":"https:\/\/locamaxime.com\/index.php\/under-construction\/","url":"https:\/\/locamaxime.com\/index.php\/under-construction\/","name":"Under Construction - Appartements \u00e0 louer \u00e0 Sainte-Maxime","isPartOf":{"@id":"https:\/\/locamaxime.com\/#website"},"datePublished":"2016-02-16T11:49:20+00:00","breadcrumb":{"@id":"https:\/\/locamaxime.com\/index.php\/under-construction\/#breadcrumb"},"inLanguage":"fr-FR","potentialAction":[{"@type":"ReadAction","target":["https:\/\/locamaxime.com\/index.php\/under-construction\/"]}]},{"@type":"BreadcrumbList","@id":"https:\/\/locamaxime.com\/index.php\/under-construction\/#breadcrumb","itemListElement":[{"@type":"ListItem","position":1,"name":"Accueil","item":"https:\/\/locamaxime.com\/"},{"@type":"ListItem","position":2,"name":"Under Construction"}]},{"@type":"WebSite","@id":"https:\/\/locamaxime.com\/#website","url":"https:\/\/locamaxime.com\/","name":"Appartements \u00e0 louer \u00e0 Sainte-Maxime","description":"","potentialAction":[{"@type":"SearchAction","target":{"@type":"EntryPoint","urlTemplate":"https:\/\/locamaxime.com\/?s={search_term_string}"},"query-input":{"@type":"PropertyValueSpecification","valueRequired":true,"valueName":"search_term_string"}}],"inLanguage":"fr-FR"}]}},"_links":{"self":[{"href":"https:\/\/locamaxime.com\/index.php\/wp-json\/wp\/v2\/pages\/545","targetHints":{"allow":["GET"]}}],"collection":[{"href":"https:\/\/locamaxime.com\/index.php\/wp-json\/wp\/v2\/pages"}],"about":[{"href":"https:\/\/locamaxime.com\/index.php\/wp-json\/wp\/v2\/types\/page"}],"author":[{"embeddable":true,"href":"https:\/\/locamaxime.com\/index.php\/wp-json\/wp\/v2\/users\/8"}],"replies":[{"embeddable":true,"href":"https:\/\/locamaxime.com\/index.php\/wp-json\/wp\/v2\/comments?post=545"}],"version-history":[{"count":0,"href":"https:\/\/locamaxime.com\/index.php\/wp-json\/wp\/v2\/pages\/545\/revisions"}],"wp:attachment":[{"href":"https:\/\/locamaxime.com\/index.php\/wp-json\/wp\/v2\/media?parent=545"}],"curies":[{"name":"wp","href":"https:\/\/api.w.org\/{rel}","templated":true}]}}