{"id":525,"date":"2016-02-16T11:07:27","date_gmt":"2016-02-16T11:07:27","guid":{"rendered":"https:\/\/locamaxime.com\/?page_id=525"},"modified":"2025-04-18T17:52:43","modified_gmt":"2025-04-18T15:52:43","slug":"appartements-a-louer-sainte-maxime","status":"publish","type":"page","link":"https:\/\/locamaxime.com\/index.php\/appartements-a-louer-sainte-maxime\/","title":{"rendered":"Appartements \u00e0 louer Sainte-Maxime"},"content":{"rendered":"<div class=\"wpb-content-wrapper\"><p>[vc_row full_width=\u00a0\u00bbstretch_row\u00a0\u00bb el_class=\u00a0\u00bbmargin_bottom_xlarge\u00a0\u00bb][vc_column width=\u00a0\u00bb1\/2&Prime;]<div class=\"sc_section margin_bottom_xmedium\" style=\"````font-weight:100; \"><div class=\"sc_section_inner\">[vc_column_text css=\u00a0\u00bb\u00a0\u00bb]<\/p>\n<h1>Appartements \u00e0 louer \u00e0 Sainte-Maxime<\/h1>\n<p>Avec Locamaxime, nous vous assurons de disposer de tout le confort n\u00e9cessaire dans votre logement.<br \/>\nNos <a href=\"https:\/\/locamaxime.com\/index.php\/location-appartements-sainte-maxime\/\">logements sont enti\u00e8rement \u00e9quip\u00e9s<\/a>, avec une cuisine fonctionnelle, un salon confortable et des chambres accueillantes.<\/p>\n<p>Nos appartements sont situ\u00e9s dans des quartiers pris\u00e9s de Sainte-Maxime, vous permettant ainsi de profiter pleinement de tout ce que la ville a \u00e0 offrir, ses commerces et ses plages. Explorer les charmantes rues commer\u00e7antes, les plages ou la vie nocturne anim\u00e9e, tout est \u00e0 port\u00e9e de main et \u00e0 d\u00e9couvrir \u00e0 pieds.<\/p>\n<h2>Location \u00e0 l&rsquo;ann\u00e9e<\/h2>\n<p><a href=\"https:\/\/locamaxime.com\/index.php\/location-appartements-sainte-maxime\/\">S\u00e9journez \u00e0 Sainte-Maxime<\/a>\u00a0 avec Locamaxime.[\/vc_column_text]<\/div><\/div><div class=\"columns_wrap sc_columns columns_nofluid sc_columns_count_2 margin_bottom_medium\"><div class=\"column-1_2 sc_column_item sc_column_item_1 odd first\"><ul class=\"sc_list sc_list_style_iconed\" style=\"````color:#999ca9;\"><li class=\"sc_list_item odd first\"><span class=\"sc_list_icon icon-stop\" style=\"color:#52a9c4;\"><\/span>[vc_column_text css=\u00a0\u00bb\u00a0\u00bb]R\u00e9sidences priv\u00e9es[\/vc_column_text]<\/li><li class=\"sc_list_item even\" style=\"````color:#52a9c4;\"><span class=\"sc_list_icon icon-stop\"><\/span>[vc_column_text css=\u00a0\u00bb\u00a0\u00bb]Parking ou Garage[\/vc_column_text]<\/li><\/ul><\/div><div class=\"column-1_2 sc_column_item sc_column_item_2 even\"><ul class=\"sc_list sc_list_style_iconed\" style=\"````color:#999ca9;\"><li class=\"sc_list_item odd first\"><span class=\"sc_list_icon icon-stop\" style=\"color:#52a9c4;\"><\/span>[vc_column_text css=\u00a0\u00bb\u00a0\u00bb]Logements meubl\u00e9s[\/vc_column_text]<\/li><li class=\"sc_list_item even\" style=\"````color:#52a9c4;\"><span class=\"sc_list_icon icon-stop\"><\/span>[vc_column_text css=\u00a0\u00bb\u00a0\u00bb]Centre ville[\/vc_column_text]<\/li><\/ul><\/div><\/div><a href=\"https:\/\/locamaxime.com\/index.php\/property-blog\/\" class=\"sc_button sc_button_box sc_button_style_style1 sc_button_size_small margin_bottom_small\" style=\"````background-color:#52a9c4; border-color:#52a9c4;\">Consulter<\/a>[\/vc_column][vc_column width=\u00a0\u00bb1\/2&Prime;]<figure class=\"sc_image  sc_image_shape_square\" style=\"````width:570px;height:406px;\"><img decoding=\"async\" src=\"https:\/\/locamaxime.com\/wp-content\/uploads\/2024\/05\/locamaxime-service.jpg\" alt=\"\" \/><\/figure>[vc_column_text css=\u00a0\u00bb\u00a0\u00bb]<\/p>\n<h2>Appartements meubl\u00e9s<\/h2>\n<p>Enfin, l<a href=\"https:\/\/locamaxime.com\/index.php\/location-appartements-sainte-maxime\/\">ouer un appartement meubl\u00e9 \u00e0 Sainte-Maxime<\/a> afin de profiter pleinement de cette charmante ville c\u00f4ti\u00e8re. Avec leur confort, leur localisation id\u00e9ale, leurs tarifs comp\u00e9titifs et leurs services personnalis\u00e9s, les logements propos\u00e9s par Locamaxime vous permettront de vivre proche du centre ville \u00e0 l&rsquo;ann\u00e9e. Ne manquez pas l&rsquo;occasion de d\u00e9couvrir Sainte-Maxime en louant l&rsquo;un de ces <a href=\"https:\/\/locamaxime.com\/index.php\/location-appartements-sainte-maxime\/\">appartements meubl\u00e9s<\/a> d\u00e8s maintenant.[\/vc_column_text][vc_empty_space][vc_column_text css=\u00a0\u00bb\u00a0\u00bb]Suivez nos annonces sur <a href=\"https:\/\/www.facebook.com\/profile.php?id=61559969128270\">Facebook<\/a> ![\/vc_column_text][\/vc_column][\/vc_row][vc_row full_width=\u00a0\u00bbstretch_row\u00a0\u00bb parallax=\u00a0\u00bbcontent-moving\u00a0\u00bb parallax_image=\u00a0\u00bb1581&Prime;][vc_column]<div class=\"sc_section  scheme_dark  \"><div class=\"sc_section_inner\">[vc_column_text]<div id=\"sc_services_420254551_wrap\" class=\"sc_services_wrap\"><div id=\"sc_services_420254551\" class=\"sc_services sc_services_style_services-1 sc_services_type_icons  sc_slider_nopagination sc_slider_nocontrols\" style=\"width:100%;\" data-interval=\"8607\" data-slides-per-view=\"4\" data-slides-min-width=\"250\"><div class=\"sc_columns columns_wrap\"><div class=\"column-1_4 column_padding_bottom\">\t\t\t<div id=\"sc_services_420254551_1\"\t\t\t\tclass=\"sc_services_item sc_services_item_1 odd first\"\n\t\t\t\t>\n\t\t\t\t<a href=\"https:\/\/locamaxime.com\/index.php\/services\/liste-de-nos-proprietes\/\"><span class=\"sc_icon icon-house263\"><\/span><\/a>\t\t\t\t<div class=\"sc_services_item_content\">\n\t\t\t\t\t<h4 class=\"sc_services_item_title\"><a href=\"https:\/\/locamaxime.com\/index.php\/services\/liste-de-nos-proprietes\/\">Liste de nos propriet\u00e9s<\/a><\/h4>\n\t\t\t\t\t<div class=\"sc_services_item_description\">\n\t\t\t\t\t\t<p>D\u00e9couvrez la liste de nos propri\u00e9t\u00e9s disponibles \u00e0 la location et vente<\/p>\t\t\t\t\t<\/div>\n\t\t\t\t<\/div>\n\t\t\t<\/div>\n\t\t<\/div><div class=\"column-1_4 column_padding_bottom\">\t\t\t<div id=\"sc_services_420254551_2\"\t\t\t\tclass=\"sc_services_item sc_services_item_2 even\"\n\t\t\t\t>\n\t\t\t\t<a href=\"https:\/\/locamaxime.com\/index.php\/services\/nos-terrains\/\"><span class=\"sc_icon icon-area_2\"><\/span><\/a>\t\t\t\t<div class=\"sc_services_item_content\">\n\t\t\t\t\t<h4 class=\"sc_services_item_title\"><a href=\"https:\/\/locamaxime.com\/index.php\/services\/nos-terrains\/\">Nos terrains<\/a><\/h4>\n\t\t\t\t\t<div class=\"sc_services_item_description\">\n\t\t\t\t\t\t<p>Consultez notre liste de terrains constructibles<\/p>\t\t\t\t\t<\/div>\n\t\t\t\t<\/div>\n\t\t\t<\/div>\n\t\t<\/div><div class=\"column-1_4 column_padding_bottom\">\t\t\t<div id=\"sc_services_420254551_3\"\t\t\t\tclass=\"sc_services_item sc_services_item_3 odd\"\n\t\t\t\t>\n\t\t\t\t<a href=\"https:\/\/locamaxime.com\/index.php\/services\/nos-services\/\"><span class=\"sc_icon icon-badges3\"><\/span><\/a>\t\t\t\t<div class=\"sc_services_item_content\">\n\t\t\t\t\t<h4 class=\"sc_services_item_title\"><a href=\"https:\/\/locamaxime.com\/index.php\/services\/nos-services\/\">Nos services<\/a><\/h4>\n\t\t\t\t\t<div class=\"sc_services_item_description\">\n\t\t\t\t\t\t<p>D\u00e9couvrez nos services de particulier \u00e0 particulier<\/p>\t\t\t\t\t<\/div>\n\t\t\t\t<\/div>\n\t\t\t<\/div>\n\t\t<\/div><div class=\"column-1_4 column_padding_bottom\">\t\t\t<div id=\"sc_services_420254551_4\"\t\t\t\tclass=\"sc_services_item sc_services_item_4 even\"\n\t\t\t\t>\n\t\t\t\t<a href=\"https:\/\/locamaxime.com\/index.php\/services\/appartements-locations-annuelles\/\"><span class=\"sc_icon icon-line-graphic6\"><\/span><\/a>\t\t\t\t<div class=\"sc_services_item_content\">\n\t\t\t\t\t<h4 class=\"sc_services_item_title\"><a href=\"https:\/\/locamaxime.com\/index.php\/services\/appartements-locations-annuelles\/\">Appartements Locations annuelles<\/a><\/h4>\n\t\t\t\t\t<div class=\"sc_services_item_description\">\n\t\t\t\t\t\t<p>Locamaxime son parc locatif et annuelle sur Sainte-Maxime. Trouvez votre...<\/p>\t\t\t\t\t<\/div>\n\t\t\t\t<\/div>\n\t\t\t<\/div>\n\t\t<\/div><\/div><\/div><!-- \/.sc_services --><\/div><!-- \/.sc_services_wrap -->[\/vc_column_text]<\/div><\/div>[\/vc_column][\/vc_row][vc_row][vc_column]<div class=\"sc_content content_wrap margin_top_xlarge margin_bottom_xlarge\"><h4 class=\"sc_title sc_title_regular margin_top_null margin_bottom_medium\" style=\"````\">Locamaxime<\/h4><div id=\"sc_skills_diagram_1012086021\" class=\"sc_skills sc_skills_pie sc_skills_compact_off\" data-type=\"pie\" data-caption=\"Skills\"><div class=\"columns_wrap sc_skills_columns sc_skills_columns_4\"><div class=\"sc_skills_column column-1_4\"><div class=\"sc_skills_item sc_skills_style_1 odd first\" style=\"````\"><canvas id=\"sc_skills_canvas_1505613400\"><\/canvas><div class=\"sc_skills_total\" data-start=\"0\" data-stop=\"80\" data-step=\"1\" data-steps=\"100\" data-max=\"100\" data-speed=\"14\" data-duration=\"1120\" data-color=\"#59A9EF\" data-bg_color=\"#f0f1f5\" data-border_color=\"#ffffff\" data-cutout=\"88\" data-easing=\"easeOutCirc\" data-ed=\"%\">0%<\/div><\/div><div class=\"sc_skills_info\"><div class=\"sc_skills_label\">Meubl\u00e9<\/div><\/div><\/div><div class=\"sc_skills_column column-1_4\"><div class=\"sc_skills_item sc_skills_style_1 even\" style=\"````\"><canvas id=\"sc_skills_canvas_2111534896\"><\/canvas><div class=\"sc_skills_total\" data-start=\"0\" data-stop=\"95\" data-step=\"1\" data-steps=\"100\" data-max=\"100\" data-speed=\"15\" data-duration=\"1425\" data-color=\"#59A9EF\" data-bg_color=\"#f0f1f5\" data-border_color=\"#ffffff\" data-cutout=\"88\" data-easing=\"easeOutCirc\" data-ed=\"%\">0%<\/div><\/div><div class=\"sc_skills_info\"><div class=\"sc_skills_label\">R\u00e9sidence familliale<\/div><\/div><\/div><div class=\"sc_skills_column column-1_4\"><div class=\"sc_skills_item sc_skills_style_1 odd\" style=\"````\"><canvas id=\"sc_skills_canvas_1643022922\"><\/canvas><div class=\"sc_skills_total\" data-start=\"0\" data-stop=\"100\" data-step=\"1\" data-steps=\"100\" data-max=\"100\" data-speed=\"16\" data-duration=\"1600\" data-color=\"#59A9EF\" data-bg_color=\"#f0f1f5\" data-border_color=\"#ffffff\" data-cutout=\"88\" data-easing=\"easeOutCirc\" data-ed=\"%\">0%<\/div><\/div><div class=\"sc_skills_info\"><div class=\"sc_skills_label\">Residence s\u00e9curis\u00e9<\/div><\/div><\/div><div class=\"sc_skills_column column-1_4\"><div class=\"sc_skills_item sc_skills_style_1 even\" style=\"````\"><canvas id=\"sc_skills_canvas_1448096380\"><\/canvas><div class=\"sc_skills_total\" data-start=\"0\" data-stop=\"100\" data-step=\"1\" data-steps=\"100\" data-max=\"100\" data-speed=\"27\" data-duration=\"2700\" data-color=\"#59A9EF\" data-bg_color=\"#f0f1f5\" data-border_color=\"#ffffff\" data-cutout=\"88\" data-easing=\"easeOutCirc\" data-ed=\"%\">0%<\/div><\/div><div class=\"sc_skills_info\"><div class=\"sc_skills_label\">Garage & Parking<\/div><\/div><\/div><\/div><\/div><\/div>[\/vc_column][\/vc_row][vc_row full_width=\u00a0\u00bbstretch_row\u00a0\u00bb css=\u00a0\u00bb.vc_custom_1455651423004{background-color: #f0f1f5 !important;}\u00a0\u00bb][vc_column][\/vc_column][\/vc_row]<\/p>\n<\/div>","protected":false},"excerpt":{"rendered":"<p>[vc_row full_width=\u00a0\u00bbstretch_row\u00a0\u00bb el_class=\u00a0\u00bbmargin_bottom_xlarge\u00a0\u00bb][vc_column width=\u00a0\u00bb1\/2&Prime;][\/vc_column][vc_column width=\u00a0\u00bb1\/2&Prime;][vc_column_text css=\u00a0\u00bb\u00a0\u00bb] Appartements meubl\u00e9s Enfin, louer un appartement meubl\u00e9 \u00e0 Sainte-Maxime afin de profiter pleinement de cette charmante ville c\u00f4ti\u00e8re. Avec leur confort, leur localisation id\u00e9ale, leurs tarifs comp\u00e9titifs et leurs services personnalis\u00e9s, les logements propos\u00e9s par Locamaxime vous permettront de vivre proche du centre ville \u00e0 l&rsquo;ann\u00e9e. Ne manquez pas [&hellip;]<\/p>\n","protected":false},"author":8,"featured_media":0,"parent":0,"menu_order":0,"comment_status":"closed","ping_status":"closed","template":"","meta":{"_monsterinsights_skip_tracking":false,"_monsterinsights_sitenote_active":false,"_monsterinsights_sitenote_note":"","_monsterinsights_sitenote_category":0,"footnotes":""},"class_list":["post-525","page","type-page","status-publish","hentry"],"yoast_head":"<!-- This site is optimized with the Yoast SEO plugin v27.4 - https:\/\/yoast.com\/product\/yoast-seo-wordpress\/ -->\n<title>Appartements \u00e0 louer \u00e0 Sainte-Maxime<\/title>\n<meta name=\"description\" content=\"D\u00e9couvrez les appartements \u00e0 louer \u00e0 Sainte-Maxime. Locamaxime vous propose des locations \u00e0 l&#039;ann\u00e9e dans le centre de Sainte-Maxime.\" \/>\n<meta name=\"robots\" content=\"index, follow, max-snippet:-1, max-image-preview:large, max-video-preview:-1\" \/>\n<link rel=\"canonical\" href=\"https:\/\/locamaxime.com\/index.php\/appartements-a-louer-sainte-maxime\/\" \/>\n<meta property=\"og:locale\" content=\"fr_FR\" \/>\n<meta property=\"og:type\" content=\"article\" \/>\n<meta property=\"og:title\" content=\"Appartements \u00e0 louer \u00e0 Sainte-Maxime\" \/>\n<meta property=\"og:description\" content=\"D\u00e9couvrez les appartements \u00e0 louer \u00e0 Sainte-Maxime. Locamaxime vous propose des locations \u00e0 l&#039;ann\u00e9e dans le centre de Sainte-Maxime.\" \/>\n<meta property=\"og:url\" content=\"https:\/\/locamaxime.com\/index.php\/appartements-a-louer-sainte-maxime\/\" \/>\n<meta property=\"og:site_name\" content=\"Appartements \u00e0 louer \u00e0 Sainte-Maxime\" \/>\n<meta property=\"article:modified_time\" content=\"2025-04-18T15:52:43+00:00\" \/>\n<meta name=\"twitter:card\" content=\"summary_large_image\" \/>\n<meta name=\"twitter:label1\" content=\"Dur\u00e9e de lecture estim\u00e9e\" \/>\n\t<meta name=\"twitter:data1\" content=\"2 minutes\" \/>\n<script type=\"application\/ld+json\" class=\"yoast-schema-graph\">{\"@context\":\"https:\\\/\\\/schema.org\",\"@graph\":[{\"@type\":\"WebPage\",\"@id\":\"https:\\\/\\\/locamaxime.com\\\/index.php\\\/appartements-a-louer-sainte-maxime\\\/\",\"url\":\"https:\\\/\\\/locamaxime.com\\\/index.php\\\/appartements-a-louer-sainte-maxime\\\/\",\"name\":\"Appartements \u00e0 louer \u00e0 Sainte-Maxime\",\"isPartOf\":{\"@id\":\"https:\\\/\\\/locamaxime.com\\\/#website\"},\"datePublished\":\"2016-02-16T11:07:27+00:00\",\"dateModified\":\"2025-04-18T15:52:43+00:00\",\"description\":\"D\u00e9couvrez les appartements \u00e0 louer \u00e0 Sainte-Maxime. Locamaxime vous propose des locations \u00e0 l'ann\u00e9e dans le centre de Sainte-Maxime.\",\"breadcrumb\":{\"@id\":\"https:\\\/\\\/locamaxime.com\\\/index.php\\\/appartements-a-louer-sainte-maxime\\\/#breadcrumb\"},\"inLanguage\":\"fr-FR\",\"potentialAction\":[{\"@type\":\"ReadAction\",\"target\":[\"https:\\\/\\\/locamaxime.com\\\/index.php\\\/appartements-a-louer-sainte-maxime\\\/\"]}]},{\"@type\":\"BreadcrumbList\",\"@id\":\"https:\\\/\\\/locamaxime.com\\\/index.php\\\/appartements-a-louer-sainte-maxime\\\/#breadcrumb\",\"itemListElement\":[{\"@type\":\"ListItem\",\"position\":1,\"name\":\"Accueil\",\"item\":\"https:\\\/\\\/locamaxime.com\\\/\"},{\"@type\":\"ListItem\",\"position\":2,\"name\":\"Appartements \u00e0 louer Sainte-Maxime\"}]},{\"@type\":\"WebSite\",\"@id\":\"https:\\\/\\\/locamaxime.com\\\/#website\",\"url\":\"https:\\\/\\\/locamaxime.com\\\/\",\"name\":\"Appartements \u00e0 louer \u00e0 Sainte-Maxime\",\"description\":\"\",\"potentialAction\":[{\"@type\":\"SearchAction\",\"target\":{\"@type\":\"EntryPoint\",\"urlTemplate\":\"https:\\\/\\\/locamaxime.com\\\/?s={search_term_string}\"},\"query-input\":{\"@type\":\"PropertyValueSpecification\",\"valueRequired\":true,\"valueName\":\"search_term_string\"}}],\"inLanguage\":\"fr-FR\"}]}<\/script>\n<!-- \/ Yoast SEO plugin. -->","yoast_head_json":{"title":"Appartements \u00e0 louer \u00e0 Sainte-Maxime","description":"D\u00e9couvrez les appartements \u00e0 louer \u00e0 Sainte-Maxime. Locamaxime vous propose des locations \u00e0 l'ann\u00e9e dans le centre de Sainte-Maxime.","robots":{"index":"index","follow":"follow","max-snippet":"max-snippet:-1","max-image-preview":"max-image-preview:large","max-video-preview":"max-video-preview:-1"},"canonical":"https:\/\/locamaxime.com\/index.php\/appartements-a-louer-sainte-maxime\/","og_locale":"fr_FR","og_type":"article","og_title":"Appartements \u00e0 louer \u00e0 Sainte-Maxime","og_description":"D\u00e9couvrez les appartements \u00e0 louer \u00e0 Sainte-Maxime. Locamaxime vous propose des locations \u00e0 l'ann\u00e9e dans le centre de Sainte-Maxime.","og_url":"https:\/\/locamaxime.com\/index.php\/appartements-a-louer-sainte-maxime\/","og_site_name":"Appartements \u00e0 louer \u00e0 Sainte-Maxime","article_modified_time":"2025-04-18T15:52:43+00:00","twitter_card":"summary_large_image","twitter_misc":{"Dur\u00e9e de lecture estim\u00e9e":"2 minutes"},"schema":{"@context":"https:\/\/schema.org","@graph":[{"@type":"WebPage","@id":"https:\/\/locamaxime.com\/index.php\/appartements-a-louer-sainte-maxime\/","url":"https:\/\/locamaxime.com\/index.php\/appartements-a-louer-sainte-maxime\/","name":"Appartements \u00e0 louer \u00e0 Sainte-Maxime","isPartOf":{"@id":"https:\/\/locamaxime.com\/#website"},"datePublished":"2016-02-16T11:07:27+00:00","dateModified":"2025-04-18T15:52:43+00:00","description":"D\u00e9couvrez les appartements \u00e0 louer \u00e0 Sainte-Maxime. Locamaxime vous propose des locations \u00e0 l'ann\u00e9e dans le centre de Sainte-Maxime.","breadcrumb":{"@id":"https:\/\/locamaxime.com\/index.php\/appartements-a-louer-sainte-maxime\/#breadcrumb"},"inLanguage":"fr-FR","potentialAction":[{"@type":"ReadAction","target":["https:\/\/locamaxime.com\/index.php\/appartements-a-louer-sainte-maxime\/"]}]},{"@type":"BreadcrumbList","@id":"https:\/\/locamaxime.com\/index.php\/appartements-a-louer-sainte-maxime\/#breadcrumb","itemListElement":[{"@type":"ListItem","position":1,"name":"Accueil","item":"https:\/\/locamaxime.com\/"},{"@type":"ListItem","position":2,"name":"Appartements \u00e0 louer Sainte-Maxime"}]},{"@type":"WebSite","@id":"https:\/\/locamaxime.com\/#website","url":"https:\/\/locamaxime.com\/","name":"Appartements \u00e0 louer \u00e0 Sainte-Maxime","description":"","potentialAction":[{"@type":"SearchAction","target":{"@type":"EntryPoint","urlTemplate":"https:\/\/locamaxime.com\/?s={search_term_string}"},"query-input":{"@type":"PropertyValueSpecification","valueRequired":true,"valueName":"search_term_string"}}],"inLanguage":"fr-FR"}]}},"_links":{"self":[{"href":"https:\/\/locamaxime.com\/index.php\/wp-json\/wp\/v2\/pages\/525","targetHints":{"allow":["GET"]}}],"collection":[{"href":"https:\/\/locamaxime.com\/index.php\/wp-json\/wp\/v2\/pages"}],"about":[{"href":"https:\/\/locamaxime.com\/index.php\/wp-json\/wp\/v2\/types\/page"}],"author":[{"embeddable":true,"href":"https:\/\/locamaxime.com\/index.php\/wp-json\/wp\/v2\/users\/8"}],"replies":[{"embeddable":true,"href":"https:\/\/locamaxime.com\/index.php\/wp-json\/wp\/v2\/comments?post=525"}],"version-history":[{"count":29,"href":"https:\/\/locamaxime.com\/index.php\/wp-json\/wp\/v2\/pages\/525\/revisions"}],"predecessor-version":[{"id":1626,"href":"https:\/\/locamaxime.com\/index.php\/wp-json\/wp\/v2\/pages\/525\/revisions\/1626"}],"wp:attachment":[{"href":"https:\/\/locamaxime.com\/index.php\/wp-json\/wp\/v2\/media?parent=525"}],"curies":[{"name":"wp","href":"https:\/\/api.w.org\/{rel}","templated":true}]}}