{"id":469,"date":"2016-02-16T08:17:27","date_gmt":"2016-02-16T08:17:27","guid":{"rendered":"https:\/\/locamaxime.com\/?page_id=469"},"modified":"2025-04-18T17:46:27","modified_gmt":"2025-04-18T15:46:27","slug":"accueil","status":"publish","type":"page","link":"https:\/\/locamaxime.com\/","title":{"rendered":"Accueil"},"content":{"rendered":"<div class=\"wpb-content-wrapper\"><p>[vc_row full_width=\u00a0\u00bbstretch_row\u00a0\u00bb el_class=\u00a0\u00bbmargin_top_xlarge margin_bottom_xmedium\u00a0\u00bb][vc_column width=\u00a0\u00bb1\/2&Prime;]<h2 class=\"sc_title sc_title_iconed ind2 margin_top_null margin_bottom_xmedium\" style=\"````\"><span class=\"sc_title_icon sc_title_icon_left  sc_title_icon_small icon-map-pointer18 sc_left\"><\/span><span class=\"sc_title_box\"><a href=\"\/?p=352\">Sainte-Maxime,<\/a><span class=\"sc_title_subtitle\">Sainte-Maxime, Route du Plan de la Tour 83120<\/span><\/span><\/h2><div class=\"sc_section margin_bottom_xmedium\" style=\"font-size:1.286em; line-height:1.667em; font-weight:100; \"><div class=\"sc_section_inner\">[vc_column_text css=\u00a0\u00bb\u00a0\u00bb]<\/p>\n<h1>Appartements \u00e0 louer<\/h1>\n<p><a href=\"https:\/\/www.facebook.com\/profile.php?id=61559969128270\">Locamaxime<\/a> vous propose de d\u00e9couvrir cette petite villa dans une r\u00e9sidence priv\u00e9e de 42m<span class=\"expandableItem\">\u00b2 proche du centre ville avec jardin, terrasse et piscine.<br \/>\n<\/span><a href=\"https:\/\/locamaxime.com\/index.php\/location-appartements-sainte-maxime\/\">Un appartement disponible et \u00e0 louer<\/a> pour l\u2019ann\u00e9e et meubl\u00e9. Il dispose d\u2019une cuisine \u00e9quip\u00e9e, d\u2019une grande chambre avec dressing et d\u2019un salon avec canap\u00e9, rangements, table et chaises modernes.[\/vc_column_text]<\/div><\/div><div class=\"columns_wrap sc_columns columns_nofluid sc_columns_count_2 margin_bottom_medium\"><div class=\"column-1_2 sc_column_item sc_column_item_1 odd first\"><ul class=\"sc_list sc_list_style_iconed\" style=\"````color:#999ca9;\"><li class=\"sc_list_item odd first\"><span class=\"sc_list_icon icon-stop\" style=\"color:#58b8ef;\"><\/span>[vc_column_text css=\u00a0\u00bb\u00a0\u00bb]R\u00e9sidence calme<br \/>\n[\/vc_column_text]<\/li><li class=\"sc_list_item even\"><span class=\"sc_list_icon icon-stop\" style=\"color:#58b8ef;\"><\/span>[vc_column_text css=\u00a0\u00bb\u00a0\u00bb]Parc arbor\u00e9<br \/>\n[\/vc_column_text]<\/li><\/ul><\/div><div class=\"column-1_2 sc_column_item sc_column_item_2 even\"><ul class=\"sc_list sc_list_style_iconed\" style=\"````color:#999ca9;\"><li class=\"sc_list_item odd first\"><span class=\"sc_list_icon icon-stop\" style=\"color:#58b8ef;\"><\/span>[vc_column_text css=\u00a0\u00bb\u00a0\u00bb]R\u00e9sidence priv\u00e9e et s\u00e9curis\u00e9e[\/vc_column_text]<\/li><li class=\"sc_list_item even\"><span class=\"sc_list_icon icon-stop\" style=\"color:#58b8ef;\"><\/span>[vc_column_text css=\u00a0\u00bb\u00a0\u00bb]Aire de jeu et piscine<br \/>\n[\/vc_column_text]<\/li><\/ul><\/div><\/div>[\/vc_column][vc_column width=\u00a0\u00bb1\/2&Prime;]<figure class=\"sc_image  sc_image_shape_square\" style=\"````width:570px;height:414px;\"><a href=\"\/?p=352\"><img decoding=\"async\" src=\"https:\/\/locamaxime.com\/wp-content\/uploads\/2024\/05\/location-appartement-annuelle-sainte-maxime-figuiere1-570x414.jpg\" alt=\"\" \/><\/a><\/figure>[\/vc_column][\/vc_row][vc_row full_width=\u00a0\u00bbstretch_row\u00a0\u00bb parallax=\u00a0\u00bbcontent-moving\u00a0\u00bb parallax_image=\u00a0\u00bb1581&Prime;][vc_column]<div class=\"sc_section  scheme_dark  \"><div class=\"sc_section_inner\">[vc_column_text]<div id=\"sc_services_730574994_wrap\" class=\"sc_services_wrap\"><div id=\"sc_services_730574994\" class=\"sc_services sc_services_style_services-1 sc_services_type_icons  sc_slider_nopagination sc_slider_nocontrols\" style=\"width:100%;\" data-interval=\"9838\" data-slides-per-view=\"4\" data-slides-min-width=\"250\"><div class=\"sc_columns columns_wrap\"><div class=\"column-1_4 column_padding_bottom\">\t\t\t<div id=\"sc_services_730574994_1\"\t\t\t\tclass=\"sc_services_item sc_services_item_1 odd first\"\n\t\t\t\t>\n\t\t\t\t<a href=\"https:\/\/locamaxime.com\/index.php\/services\/liste-de-nos-proprietes\/\"><span class=\"sc_icon icon-house263\"><\/span><\/a>\t\t\t\t<div class=\"sc_services_item_content\">\n\t\t\t\t\t<h4 class=\"sc_services_item_title\"><a href=\"https:\/\/locamaxime.com\/index.php\/services\/liste-de-nos-proprietes\/\">Liste de nos propriet\u00e9s<\/a><\/h4>\n\t\t\t\t\t<div class=\"sc_services_item_description\">\n\t\t\t\t\t\t<p>D\u00e9couvrez la liste de nos propri\u00e9t\u00e9s disponibles \u00e0 la location et vente<\/p>\t\t\t\t\t<\/div>\n\t\t\t\t<\/div>\n\t\t\t<\/div>\n\t\t<\/div><div class=\"column-1_4 column_padding_bottom\">\t\t\t<div id=\"sc_services_730574994_2\"\t\t\t\tclass=\"sc_services_item sc_services_item_2 even\"\n\t\t\t\t>\n\t\t\t\t<a href=\"https:\/\/locamaxime.com\/index.php\/services\/nos-terrains\/\"><span class=\"sc_icon icon-area_2\"><\/span><\/a>\t\t\t\t<div class=\"sc_services_item_content\">\n\t\t\t\t\t<h4 class=\"sc_services_item_title\"><a href=\"https:\/\/locamaxime.com\/index.php\/services\/nos-terrains\/\">Nos terrains<\/a><\/h4>\n\t\t\t\t\t<div class=\"sc_services_item_description\">\n\t\t\t\t\t\t<p>Consultez notre liste de terrains constructibles<\/p>\t\t\t\t\t<\/div>\n\t\t\t\t<\/div>\n\t\t\t<\/div>\n\t\t<\/div><div class=\"column-1_4 column_padding_bottom\">\t\t\t<div id=\"sc_services_730574994_3\"\t\t\t\tclass=\"sc_services_item sc_services_item_3 odd\"\n\t\t\t\t>\n\t\t\t\t<a href=\"https:\/\/locamaxime.com\/index.php\/services\/nos-services\/\"><span class=\"sc_icon icon-badges3\"><\/span><\/a>\t\t\t\t<div class=\"sc_services_item_content\">\n\t\t\t\t\t<h4 class=\"sc_services_item_title\"><a href=\"https:\/\/locamaxime.com\/index.php\/services\/nos-services\/\">Nos services<\/a><\/h4>\n\t\t\t\t\t<div class=\"sc_services_item_description\">\n\t\t\t\t\t\t<p>D\u00e9couvrez nos services de particulier \u00e0 particulier<\/p>\t\t\t\t\t<\/div>\n\t\t\t\t<\/div>\n\t\t\t<\/div>\n\t\t<\/div><div class=\"column-1_4 column_padding_bottom\">\t\t\t<div id=\"sc_services_730574994_4\"\t\t\t\tclass=\"sc_services_item sc_services_item_4 even\"\n\t\t\t\t>\n\t\t\t\t<a href=\"https:\/\/locamaxime.com\/index.php\/services\/appartements-locations-annuelles\/\"><span class=\"sc_icon icon-line-graphic6\"><\/span><\/a>\t\t\t\t<div class=\"sc_services_item_content\">\n\t\t\t\t\t<h4 class=\"sc_services_item_title\"><a href=\"https:\/\/locamaxime.com\/index.php\/services\/appartements-locations-annuelles\/\">Appartements Locations annuelles<\/a><\/h4>\n\t\t\t\t\t<div class=\"sc_services_item_description\">\n\t\t\t\t\t\t<p>Locamaxime son parc locatif et annuelle sur Sainte-Maxime. Trouvez votre...<\/p>\t\t\t\t\t<\/div>\n\t\t\t\t<\/div>\n\t\t\t<\/div>\n\t\t<\/div><\/div><\/div><!-- \/.sc_services --><\/div><!-- \/.sc_services_wrap -->[\/vc_column_text]<\/div><\/div>[\/vc_column][\/vc_row][vc_row full_width=\u00a0\u00bbstretch_row\u00a0\u00bb css=\u00a0\u00bb.vc_custom_1716629102867{background-image: url(https:\/\/locamaxime.com\/wp-content\/uploads\/2024\/05\/map2.png?id=1326) !important;background-position: center !important;background-repeat: no-repeat !important;background-size: cover !important;}\u00a0\u00bb el_class=\u00a0\u00bbmobile-box\u00a0\u00bb][vc_column]<div class=\"columns_wrap sc_columns columns_nofluid sc_columns_count_2\"><div class=\"column-1_2 sc_column_item sc_column_item_1 odd first\"><div class=\"sc_section margin_bottom_medium\" style=\"font-size:1.286em; line-height:1.667em; font-weight:100; \"><div class=\"sc_section_inner\">[vc_empty_space height=\u00a0\u00bb45px\u00a0\u00bb][vc_tta_accordion][vc_tta_section title=\u00a0\u00bbVotre logement\u00a0\u00bb tab_id=\u00a0\u00bb1741083597869-7ae946b1-d8b2&Prime;][vc_column_text css=\u00a0\u00bb\u00a0\u00bb]Recherchez la <a href=\"https:\/\/locamaxime.com\/index.php\/location-appartements-sainte-maxime\/\">location d&rsquo;un somptueux appartement<\/a> sur la charmante commune de Sainte-Maxime. Nos r\u00e9sidences b\u00e9n\u00e9ficient d&rsquo;un emplacement privil\u00e9gi\u00e9, \u00e0 proximit\u00e9 des \u00e9tablissements gastronomiques r\u00e9put\u00e9s, des boutiques raffin\u00e9es, des plages et au c\u0153ur de la ville.<\/p>\n<p><a href=\"https:\/\/locamaxime.com\/index.php\/category\/tourisme\/\">D\u00e9couvrez Sainte-Maxime<\/a>.[\/vc_column_text][\/vc_tta_section][vc_tta_section title=\u00a0\u00bbNotre selection\u00a0\u00bb tab_id=\u00a0\u00bb1741083597904-f784e919-6a71&Prime;][vc_column_text css=\u00a0\u00bb\u00a0\u00bb]Chaque appartement et villa est soigneusement s\u00e9lectionn\u00e9 pour r\u00e9pondre \u00e0 vos attentes. De plus, tous nos biens sont situ\u00e9s dans des r\u00e9sidences priv\u00e9es et s\u00e9curis\u00e9es, garantissant ainsi votre tranquillit\u00e9 d&rsquo;esprit. Vous appr\u00e9cierez \u00e9galement le confort d&rsquo;un parking priv\u00e9 ou d&rsquo;un garage, un atout non n\u00e9gligeable dans cette r\u00e9gion o\u00f9 il est difficile de trouver un stationnement.<\/p>\n<p>Pour r\u00e9pondre \u00e0 vos besoins sp\u00e9cifiques, nos appartements varient en taille et en style, vous offrant ainsi une multitude d&rsquo;options. Que vous recherchiez un espace pratique ou une villa, nous avons ce qu&rsquo;il vous faut. Par ailleurs, <a href=\"https:\/\/www.facebook.com\/profile.php?id=61559969128270\">Locamaxime<\/a> vous accompagne tout au long de votre d\u00e9marche, vous assurant une exp\u00e9rience de location fluide et agr\u00e9able.<\/p>\n<p>D\u00e9couvrez la liste de nos <a href=\"https:\/\/locamaxime.com\/index.php\/location-appartements-sainte-maxime\/\">appartement \u00e0 louer \u00e0 Sainte-Maxime<\/a>.[\/vc_column_text][\/vc_tta_section][\/vc_tta_accordion]<\/div><\/div><div class=\"sc_section\"><div class=\"sc_section_inner\">[vc_btn title=\u00a0\u00bbRechercher\u00a0\u00bb shape=\u00a0\u00bbsquare\u00a0\u00bb color=\u00a0\u00bbturquoise\u00a0\u00bb css=\u00a0\u00bb\u00a0\u00bb link=\u00a0\u00bburl:https%3A%2F%2Flocamaxime.com%2Findex.php%2Flocation-appartements-sainte-maxime%2F|title:Rechercher|target:_blank\u00a0\u00bb]<\/div><\/div><\/div><div class=\"column-1_2 sc_column_item sc_column_item_2 even\"><figure class=\"sc_image  sc_image_shape_square customImgHome1 \" style=\"````\"><img decoding=\"async\" src=\"https:\/\/locamaxime.com\/wp-content\/uploads\/2024\/05\/map-mobile.png\" alt=\"\" \/><\/figure><\/div><\/div>[\/vc_column][\/vc_row][vc_row css=\u00a0\u00bb.vc_custom_1716494222315{background-image: url(https:\/\/locamaxime.com\/wp-content\/uploads\/2024\/05\/locamaxime-locations-appartements-a-sainte-maxime.jpg?id=1294) !important;background-position: center !important;background-repeat: no-repeat !important;background-size: cover !important;}\u00a0\u00bb][vc_column]<!-- #TRX_GAP_START# -->[vc_column_text]<div id=\"sc_testimonials_513232089\" class=\"sc_testimonials sc_testimonials_style_testimonials-2  sc_slider_swiper swiper-slider-container sc_slider_pagination sc_slider_pagination_bottom sc_slider_nocontrols sc_slider_height_auto scheme_dark \" data-interval=\"7196\" data-slides-min-width=\"250\" style=\"width:100%;\"><h2 class=\"sc_testimonials_title sc_item_title\">Avis<\/h2><div class=\"slides swiper-wrapper\"><div class=\"swiper-slide\" data-style=\"width:100%;\" style=\"width:100%;\">\t\t\t<div id=\"sc_testimonials_513232089_1\" class=\"sc_testimonial_item\">\n\t\t\t\t<div class=\"sc_testimonial_content\"><p>Il est rare de trouver des locations annuelles \u00e0 Sainte-Maxime. Je suis ravis d'avoir trouv\u00e9 mon appartement pour la saison.<\/p>\n<\/div>\n\t\t\t\t\t\t\t\t<div class=\"sc_testimonial_author\"><a href=\"#\" class=\"sc_testimonial_author_name\">St\u00e9phanie Lafleur<\/a><br><span class=\"sc_testimonial_author_position\">24 ans<\/span><\/div>\n\t\t\t\t\t\t\t<\/div>\n\t\t<\/div><div class=\"swiper-slide\" data-style=\"width:100%;\" style=\"width:100%;\">\t\t\t<div id=\"sc_testimonials_513232089_2\" class=\"sc_testimonial_item\">\n\t\t\t\t<div class=\"sc_testimonial_content\"><p>Excellente relation avec notre propri\u00e9taire qui nous apporte des solutions rapides sur nos diverses demandes.<\/p>\n<\/div>\n\t\t\t\t\t\t\t\t<div class=\"sc_testimonial_author\"><span class=\"sc_testimonial_author_name\">Emma Cl\u00e9ment<\/span><br><span class=\"sc_testimonial_author_position\">40 ans<\/span><\/div>\n\t\t\t\t\t\t\t<\/div>\n\t\t<\/div><div class=\"swiper-slide\" data-style=\"width:100%;\" style=\"width:100%;\">\t\t\t<div id=\"sc_testimonials_513232089_3\" class=\"sc_testimonial_item\">\n\t\t\t\t<div class=\"sc_testimonial_content\"><p>J'ai d\u00fb louer un nouveau logement dans l'urgence. Locamaxime m'a trouv\u00e9 rapidement un appartement qui me convient parfaitement ! Merci !<\/p>\n<\/div>\n\t\t\t\t\t\t\t\t<div class=\"sc_testimonial_author\"><a href=\"#\" class=\"sc_testimonial_author_name\">Logan Cros<\/a><br><span class=\"sc_testimonial_author_position\">31 ans<\/span><\/div>\n\t\t\t\t\t\t\t<\/div>\n\t\t<\/div><\/div><div class=\"sc_slider_controls_wrap\"><a class=\"sc_slider_prev\" href=\"#\"><\/a><a class=\"sc_slider_next\" href=\"#\"><\/a><\/div><div class=\"sc_slider_pagination_wrap\"><\/div><\/div>[\/vc_column_text]<!-- #TRX_GAP_END# -->[\/vc_column][\/vc_row]<\/p>\n<\/div>","protected":false},"excerpt":{"rendered":"<p>[vc_row full_width=\u00a0\u00bbstretch_row\u00a0\u00bb el_class=\u00a0\u00bbmargin_top_xlarge margin_bottom_xmedium\u00a0\u00bb][vc_column width=\u00a0\u00bb1\/2&Prime;][\/vc_column][vc_column width=\u00a0\u00bb1\/2&Prime;][\/vc_column][\/vc_row][vc_row full_width=\u00a0\u00bbstretch_row\u00a0\u00bb parallax=\u00a0\u00bbcontent-moving\u00a0\u00bb parallax_image=\u00a0\u00bb1581&Prime;][vc_column][\/vc_column][\/vc_row][vc_row full_width=\u00a0\u00bbstretch_row\u00a0\u00bb css=\u00a0\u00bb.vc_custom_1716629102867{background-image: url(https:\/\/locamaxime.com\/wp-content\/uploads\/2024\/05\/map2.png?id=1326) !important;background-position: center !important;background-repeat: no-repeat !important;background-size: cover !important;}\u00a0\u00bb el_class=\u00a0\u00bbmobile-box\u00a0\u00bb][vc_column][\/vc_column][\/vc_row][vc_row css=\u00a0\u00bb.vc_custom_1716494222315{background-image: url(https:\/\/locamaxime.com\/wp-content\/uploads\/2024\/05\/locamaxime-locations-appartements-a-sainte-maxime.jpg?id=1294) !important;background-position: center !important;background-repeat: no-repeat !important;background-size: cover !important;}\u00a0\u00bb][vc_column][\/vc_column][\/vc_row]<\/p>\n","protected":false},"author":1,"featured_media":0,"parent":0,"menu_order":0,"comment_status":"closed","ping_status":"closed","template":"","meta":{"_monsterinsights_skip_tracking":false,"_monsterinsights_sitenote_active":false,"_monsterinsights_sitenote_note":"","_monsterinsights_sitenote_category":0,"footnotes":""},"class_list":["post-469","page","type-page","status-publish","hentry"],"yoast_head":"<!-- This site is optimized with the Yoast SEO plugin v27.4 - https:\/\/yoast.com\/product\/yoast-seo-wordpress\/ -->\n<title>Accueil - Appartements \u00e0 louer \u00e0 Sainte-Maxime<\/title>\n<meta name=\"description\" content=\"Appartements \u00e0 louer Sainte-Maxime - Recherchez votre logement \u00e0 l&#039;ann\u00e9e sur notre liste d\u2019appartements meubl\u00e9s en centre ville.\" \/>\n<meta name=\"robots\" content=\"index, follow, max-snippet:-1, max-image-preview:large, max-video-preview:-1\" \/>\n<link rel=\"canonical\" href=\"https:\/\/locamaxime.com\/\" \/>\n<meta property=\"og:locale\" content=\"fr_FR\" \/>\n<meta property=\"og:type\" content=\"article\" \/>\n<meta property=\"og:title\" content=\"Accueil - Appartements \u00e0 louer \u00e0 Sainte-Maxime\" \/>\n<meta property=\"og:description\" content=\"Appartements \u00e0 louer Sainte-Maxime - Recherchez votre logement \u00e0 l&#039;ann\u00e9e sur notre liste d\u2019appartements meubl\u00e9s en centre ville.\" \/>\n<meta property=\"og:url\" content=\"https:\/\/locamaxime.com\/\" \/>\n<meta property=\"og:site_name\" content=\"Appartements \u00e0 louer \u00e0 Sainte-Maxime\" \/>\n<meta property=\"article:modified_time\" content=\"2025-04-18T15:46:27+00:00\" \/>\n<meta name=\"twitter:card\" content=\"summary_large_image\" \/>\n<meta name=\"twitter:label1\" content=\"Dur\u00e9e de lecture estim\u00e9e\" \/>\n\t<meta name=\"twitter:data1\" content=\"2 minutes\" \/>\n<script type=\"application\/ld+json\" class=\"yoast-schema-graph\">{\"@context\":\"https:\\\/\\\/schema.org\",\"@graph\":[{\"@type\":\"WebPage\",\"@id\":\"https:\\\/\\\/locamaxime.com\\\/\",\"url\":\"https:\\\/\\\/locamaxime.com\\\/\",\"name\":\"Accueil - Appartements \u00e0 louer \u00e0 Sainte-Maxime\",\"isPartOf\":{\"@id\":\"https:\\\/\\\/locamaxime.com\\\/#website\"},\"datePublished\":\"2016-02-16T08:17:27+00:00\",\"dateModified\":\"2025-04-18T15:46:27+00:00\",\"description\":\"Appartements \u00e0 louer Sainte-Maxime - Recherchez votre logement \u00e0 l'ann\u00e9e sur notre liste d\u2019appartements meubl\u00e9s en centre ville.\",\"breadcrumb\":{\"@id\":\"https:\\\/\\\/locamaxime.com\\\/#breadcrumb\"},\"inLanguage\":\"fr-FR\",\"potentialAction\":[{\"@type\":\"ReadAction\",\"target\":[\"https:\\\/\\\/locamaxime.com\\\/\"]}]},{\"@type\":\"BreadcrumbList\",\"@id\":\"https:\\\/\\\/locamaxime.com\\\/#breadcrumb\",\"itemListElement\":[{\"@type\":\"ListItem\",\"position\":1,\"name\":\"Accueil\",\"item\":\"https:\\\/\\\/locamaxime.com\\\/\"},{\"@type\":\"ListItem\",\"position\":2,\"name\":\"Accueil\"}]},{\"@type\":\"WebSite\",\"@id\":\"https:\\\/\\\/locamaxime.com\\\/#website\",\"url\":\"https:\\\/\\\/locamaxime.com\\\/\",\"name\":\"Appartements \u00e0 louer \u00e0 Sainte-Maxime\",\"description\":\"\",\"potentialAction\":[{\"@type\":\"SearchAction\",\"target\":{\"@type\":\"EntryPoint\",\"urlTemplate\":\"https:\\\/\\\/locamaxime.com\\\/?s={search_term_string}\"},\"query-input\":{\"@type\":\"PropertyValueSpecification\",\"valueRequired\":true,\"valueName\":\"search_term_string\"}}],\"inLanguage\":\"fr-FR\"}]}<\/script>\n<!-- \/ Yoast SEO plugin. -->","yoast_head_json":{"title":"Accueil - Appartements \u00e0 louer \u00e0 Sainte-Maxime","description":"Appartements \u00e0 louer Sainte-Maxime - Recherchez votre logement \u00e0 l'ann\u00e9e sur notre liste d\u2019appartements meubl\u00e9s en centre ville.","robots":{"index":"index","follow":"follow","max-snippet":"max-snippet:-1","max-image-preview":"max-image-preview:large","max-video-preview":"max-video-preview:-1"},"canonical":"https:\/\/locamaxime.com\/","og_locale":"fr_FR","og_type":"article","og_title":"Accueil - Appartements \u00e0 louer \u00e0 Sainte-Maxime","og_description":"Appartements \u00e0 louer Sainte-Maxime - Recherchez votre logement \u00e0 l'ann\u00e9e sur notre liste d\u2019appartements meubl\u00e9s en centre ville.","og_url":"https:\/\/locamaxime.com\/","og_site_name":"Appartements \u00e0 louer \u00e0 Sainte-Maxime","article_modified_time":"2025-04-18T15:46:27+00:00","twitter_card":"summary_large_image","twitter_misc":{"Dur\u00e9e de lecture estim\u00e9e":"2 minutes"},"schema":{"@context":"https:\/\/schema.org","@graph":[{"@type":"WebPage","@id":"https:\/\/locamaxime.com\/","url":"https:\/\/locamaxime.com\/","name":"Accueil - Appartements \u00e0 louer \u00e0 Sainte-Maxime","isPartOf":{"@id":"https:\/\/locamaxime.com\/#website"},"datePublished":"2016-02-16T08:17:27+00:00","dateModified":"2025-04-18T15:46:27+00:00","description":"Appartements \u00e0 louer Sainte-Maxime - Recherchez votre logement \u00e0 l'ann\u00e9e sur notre liste d\u2019appartements meubl\u00e9s en centre ville.","breadcrumb":{"@id":"https:\/\/locamaxime.com\/#breadcrumb"},"inLanguage":"fr-FR","potentialAction":[{"@type":"ReadAction","target":["https:\/\/locamaxime.com\/"]}]},{"@type":"BreadcrumbList","@id":"https:\/\/locamaxime.com\/#breadcrumb","itemListElement":[{"@type":"ListItem","position":1,"name":"Accueil","item":"https:\/\/locamaxime.com\/"},{"@type":"ListItem","position":2,"name":"Accueil"}]},{"@type":"WebSite","@id":"https:\/\/locamaxime.com\/#website","url":"https:\/\/locamaxime.com\/","name":"Appartements \u00e0 louer \u00e0 Sainte-Maxime","description":"","potentialAction":[{"@type":"SearchAction","target":{"@type":"EntryPoint","urlTemplate":"https:\/\/locamaxime.com\/?s={search_term_string}"},"query-input":{"@type":"PropertyValueSpecification","valueRequired":true,"valueName":"search_term_string"}}],"inLanguage":"fr-FR"}]}},"_links":{"self":[{"href":"https:\/\/locamaxime.com\/index.php\/wp-json\/wp\/v2\/pages\/469","targetHints":{"allow":["GET"]}}],"collection":[{"href":"https:\/\/locamaxime.com\/index.php\/wp-json\/wp\/v2\/pages"}],"about":[{"href":"https:\/\/locamaxime.com\/index.php\/wp-json\/wp\/v2\/types\/page"}],"author":[{"embeddable":true,"href":"https:\/\/locamaxime.com\/index.php\/wp-json\/wp\/v2\/users\/1"}],"replies":[{"embeddable":true,"href":"https:\/\/locamaxime.com\/index.php\/wp-json\/wp\/v2\/comments?post=469"}],"version-history":[{"count":32,"href":"https:\/\/locamaxime.com\/index.php\/wp-json\/wp\/v2\/pages\/469\/revisions"}],"predecessor-version":[{"id":1623,"href":"https:\/\/locamaxime.com\/index.php\/wp-json\/wp\/v2\/pages\/469\/revisions\/1623"}],"wp:attachment":[{"href":"https:\/\/locamaxime.com\/index.php\/wp-json\/wp\/v2\/media?parent=469"}],"curies":[{"name":"wp","href":"https:\/\/api.w.org\/{rel}","templated":true}]}}