{"id":1362,"date":"2024-05-27T15:43:32","date_gmt":"2024-05-27T13:43:32","guid":{"rendered":"https:\/\/locamaxime.com\/?page_id=1362"},"modified":"2024-05-27T15:43:34","modified_gmt":"2024-05-27T13:43:34","slug":"instagram","status":"publish","type":"page","link":"https:\/\/locamaxime.com\/index.php\/instagram\/","title":{"rendered":"Instagram"},"content":{"rendered":"\n<div id=\"sb_instagram\"  class=\"sbi sbi_mob_col_1 sbi_tab_col_2 sbi_col_4 sbi_width_resp\" style=\"padding-bottom: 10px;\"\t data-feedid=\"*1\"  data-res=\"auto\" data-cols=\"4\" data-colsmobile=\"1\" data-colstablet=\"2\" data-num=\"20\" data-nummobile=\"20\" data-item-padding=\"5\"\t data-shortcode-atts=\"{&quot;feed&quot;:&quot;1&quot;,&quot;cachetime&quot;:30}\"  data-postid=\"1362\" data-locatornonce=\"b28905be69\" data-imageaspectratio=\"1:1\" data-sbi-flags=\"favorLocal\">\n\t<div class=\"sb_instagram_header  sbi_no_avatar\"   >\n\t<a class=\"sbi_header_link\" target=\"_blank\"\n\t   rel=\"nofollow noopener\" href=\"https:\/\/www.instagram.com\/locamaxime\/\" title=\"@locamaxime\">\n\t\t<div class=\"sbi_header_text sbi_no_bio\">\n\t\t\t<div class=\"sbi_header_img\">\n\t\t\t\t\n\t\t\t\t\t\t\t\t\t<div class=\"sbi_header_hashtag_icon\"  ><svg class=\"sbi_new_logo fa-instagram fa-w-14\" aria-hidden=\"true\" data-fa-processed=\"\" aria-label=\"Instagram\" data-prefix=\"fab\" data-icon=\"instagram\" role=\"img\" viewBox=\"0 0 448 512\">\n                    <path fill=\"currentColor\" d=\"M224.1 141c-63.6 0-114.9 51.3-114.9 114.9s51.3 114.9 114.9 114.9S339 319.5 339 255.9 287.7 141 224.1 141zm0 189.6c-41.1 0-74.7-33.5-74.7-74.7s33.5-74.7 74.7-74.7 74.7 33.5 74.7 74.7-33.6 74.7-74.7 74.7zm146.4-194.3c0 14.9-12 26.8-26.8 26.8-14.9 0-26.8-12-26.8-26.8s12-26.8 26.8-26.8 26.8 12 26.8 26.8zm76.1 27.2c-1.7-35.9-9.9-67.7-36.2-93.9-26.2-26.2-58-34.4-93.9-36.2-37-2.1-147.9-2.1-184.9 0-35.8 1.7-67.6 9.9-93.9 36.1s-34.4 58-36.2 93.9c-2.1 37-2.1 147.9 0 184.9 1.7 35.9 9.9 67.7 36.2 93.9s58 34.4 93.9 36.2c37 2.1 147.9 2.1 184.9 0 35.9-1.7 67.7-9.9 93.9-36.2 26.2-26.2 34.4-58 36.2-93.9 2.1-37 2.1-147.8 0-184.8zM398.8 388c-7.8 19.6-22.9 34.7-42.6 42.6-29.5 11.7-99.5 9-132.1 9s-102.7 2.6-132.1-9c-19.6-7.8-34.7-22.9-42.6-42.6-11.7-29.5-9-99.5-9-132.1s-2.6-102.7 9-132.1c7.8-19.6 22.9-34.7 42.6-42.6 29.5-11.7 99.5-9 132.1-9s102.7-2.6 132.1 9c19.6 7.8 34.7 22.9 42.6 42.6 11.7 29.5 9 99.5 9 132.1s2.7 102.7-9 132.1z\"><\/path>\n                <\/svg><\/div>\n\t\t\t\t\t\t\t<\/div>\n\n\t\t\t<div class=\"sbi_feedtheme_header_text\">\n\t\t\t\t<h3>locamaxime<\/h3>\n\t\t\t\t\t\t\t<\/div>\n\t\t<\/div>\n\t<\/a>\n<\/div>\n\n\t<div id=\"sbi_images\"  style=\"gap: 10px;\">\n\t\t<div class=\"sbi_item sbi_type_carousel sbi_new sbi_transition\"\n\tid=\"sbi_18229378654287820\" data-date=\"1717426671\">\n\t<div class=\"sbi_photo_wrap\">\n\t\t<a class=\"sbi_photo\" href=\"https:\/\/www.instagram.com\/p\/C7wfptdCcYl\/\" target=\"_blank\" rel=\"noopener nofollow\"\n\t\t\tdata-full-res=\"https:\/\/scontent-lhr6-2.cdninstagram.com\/v\/t51.29350-15\/447805029_676677211268882_603019607377631797_n.jpg?_nc_cat=100&#038;ccb=1-7&#038;_nc_sid=18de74&#038;_nc_ohc=4Oct_ReYib4Q7kNvgHj2lE6&#038;_nc_zt=23&#038;_nc_ht=scontent-lhr6-2.cdninstagram.com&#038;edm=ANo9K5cEAAAA&#038;_nc_gid=AqKhVViEnp3zH8YCbRu2sdN&#038;oh=00_AYDIax3vAc4oZnyqwwJWnLDfc59Nz3xINS_-GvKnTvxH1A&#038;oe=6737AA16\"\n\t\t\tdata-img-src-set=\"{&quot;d&quot;:&quot;https:\\\/\\\/scontent-lhr6-2.cdninstagram.com\\\/v\\\/t51.29350-15\\\/447805029_676677211268882_603019607377631797_n.jpg?_nc_cat=100&amp;ccb=1-7&amp;_nc_sid=18de74&amp;_nc_ohc=4Oct_ReYib4Q7kNvgHj2lE6&amp;_nc_zt=23&amp;_nc_ht=scontent-lhr6-2.cdninstagram.com&amp;edm=ANo9K5cEAAAA&amp;_nc_gid=AqKhVViEnp3zH8YCbRu2sdN&amp;oh=00_AYDIax3vAc4oZnyqwwJWnLDfc59Nz3xINS_-GvKnTvxH1A&amp;oe=6737AA16&quot;,&quot;150&quot;:&quot;https:\\\/\\\/scontent-lhr6-2.cdninstagram.com\\\/v\\\/t51.29350-15\\\/447805029_676677211268882_603019607377631797_n.jpg?_nc_cat=100&amp;ccb=1-7&amp;_nc_sid=18de74&amp;_nc_ohc=4Oct_ReYib4Q7kNvgHj2lE6&amp;_nc_zt=23&amp;_nc_ht=scontent-lhr6-2.cdninstagram.com&amp;edm=ANo9K5cEAAAA&amp;_nc_gid=AqKhVViEnp3zH8YCbRu2sdN&amp;oh=00_AYDIax3vAc4oZnyqwwJWnLDfc59Nz3xINS_-GvKnTvxH1A&amp;oe=6737AA16&quot;,&quot;320&quot;:&quot;https:\\\/\\\/scontent-lhr6-2.cdninstagram.com\\\/v\\\/t51.29350-15\\\/447805029_676677211268882_603019607377631797_n.jpg?_nc_cat=100&amp;ccb=1-7&amp;_nc_sid=18de74&amp;_nc_ohc=4Oct_ReYib4Q7kNvgHj2lE6&amp;_nc_zt=23&amp;_nc_ht=scontent-lhr6-2.cdninstagram.com&amp;edm=ANo9K5cEAAAA&amp;_nc_gid=AqKhVViEnp3zH8YCbRu2sdN&amp;oh=00_AYDIax3vAc4oZnyqwwJWnLDfc59Nz3xINS_-GvKnTvxH1A&amp;oe=6737AA16&quot;,&quot;640&quot;:&quot;https:\\\/\\\/scontent-lhr6-2.cdninstagram.com\\\/v\\\/t51.29350-15\\\/447805029_676677211268882_603019607377631797_n.jpg?_nc_cat=100&amp;ccb=1-7&amp;_nc_sid=18de74&amp;_nc_ohc=4Oct_ReYib4Q7kNvgHj2lE6&amp;_nc_zt=23&amp;_nc_ht=scontent-lhr6-2.cdninstagram.com&amp;edm=ANo9K5cEAAAA&amp;_nc_gid=AqKhVViEnp3zH8YCbRu2sdN&amp;oh=00_AYDIax3vAc4oZnyqwwJWnLDfc59Nz3xINS_-GvKnTvxH1A&amp;oe=6737AA16&quot;}\">\n\t\t\t<span class=\"sbi-screenreader\">VILLA 42m\u00b2 1 CHAMBRE\nCette charmante petite villa,<\/span>\n\t\t\t<svg class=\"svg-inline--fa fa-clone fa-w-16 sbi_lightbox_carousel_icon\" aria-hidden=\"true\" aria-label=\"Clone\" data-fa-pro\u0192cessed=\"\" data-prefix=\"far\" data-icon=\"clone\" role=\"img\" xmlns=\"http:\/\/www.w3.org\/2000\/svg\" viewBox=\"0 0 512 512\">\n                    <path fill=\"currentColor\" d=\"M464 0H144c-26.51 0-48 21.49-48 48v48H48c-26.51 0-48 21.49-48 48v320c0 26.51 21.49 48 48 48h320c26.51 0 48-21.49 48-48v-48h48c26.51 0 48-21.49 48-48V48c0-26.51-21.49-48-48-48zM362 464H54a6 6 0 0 1-6-6V150a6 6 0 0 1 6-6h42v224c0 26.51 21.49 48 48 48h224v42a6 6 0 0 1-6 6zm96-96H150a6 6 0 0 1-6-6V54a6 6 0 0 1 6-6h308a6 6 0 0 1 6 6v308a6 6 0 0 1-6 6z\"><\/path>\n                <\/svg>\t\t\t\t\t\t<img decoding=\"async\" src=\"https:\/\/locamaxime.com\/wp-content\/plugins\/instagram-feed\/img\/placeholder.png\" alt=\"VILLA 42m\u00b2 1 CHAMBRE\nCette charmante petite villa, d\u2019une superficie de 42m\u00b2, est situ\u00e9e dans une r\u00e9sidence priv\u00e9e \u00e0 Sainte-Maxime. Elle offre un cadre id\u00e9al pour une location annuelle, avec son jardin, sa terrasse et sa piscine.\nL\u2019appartement, enti\u00e8rement meubl\u00e9, dispose d\u2019une cuisine \u00e9quip\u00e9e o\u00f9 vous pourrez pr\u00e9parer de d\u00e9licieux repas. De plus, il comprend une grande chambre avec un dressing spacieux pour ranger toutes vos affaires, ainsi qu\u2019un salon confortable avec un canap\u00e9, des rangements pratiques, et une table avec des chaises modernes pour vos moments de d\u00e9tente et de repas conviviaux.\nCONTACT\n09h - 12h - 14h -19h\nAppeler le : \u202d+33 6 07 85 66 10\u202c \n\n#locationappartement #locationannuelle #appartementmeuble #villaalouer\n#saintemaxime #golfedesainttropez\" aria-hidden=\"true\">\n\t\t<\/a>\n\t<\/div>\n<\/div><div class=\"sbi_item sbi_type_image sbi_new sbi_transition\"\n\tid=\"sbi_18135669733330305\" data-date=\"1716369614\">\n\t<div class=\"sbi_photo_wrap\">\n\t\t<a class=\"sbi_photo\" href=\"https:\/\/www.instagram.com\/p\/C7Q_ec6sp7G\/\" target=\"_blank\" rel=\"noopener nofollow\"\n\t\t\tdata-full-res=\"https:\/\/scontent-lhr8-1.cdninstagram.com\/v\/t51.29350-15\/445943997_1199741081457267_1155484385027072874_n.jpg?_nc_cat=111&#038;ccb=1-7&#038;_nc_sid=18de74&#038;_nc_ohc=L_zSf1xYzcgQ7kNvgHDT-5z&#038;_nc_zt=23&#038;_nc_ht=scontent-lhr8-1.cdninstagram.com&#038;edm=ANo9K5cEAAAA&#038;_nc_gid=AqKhVViEnp3zH8YCbRu2sdN&#038;oh=00_AYDaUA7BE3XUojSZR5mp7KLD4W2KEXVPgod_mqTvul_4mw&#038;oe=6737A370\"\n\t\t\tdata-img-src-set=\"{&quot;d&quot;:&quot;https:\\\/\\\/scontent-lhr8-1.cdninstagram.com\\\/v\\\/t51.29350-15\\\/445943997_1199741081457267_1155484385027072874_n.jpg?_nc_cat=111&amp;ccb=1-7&amp;_nc_sid=18de74&amp;_nc_ohc=L_zSf1xYzcgQ7kNvgHDT-5z&amp;_nc_zt=23&amp;_nc_ht=scontent-lhr8-1.cdninstagram.com&amp;edm=ANo9K5cEAAAA&amp;_nc_gid=AqKhVViEnp3zH8YCbRu2sdN&amp;oh=00_AYDaUA7BE3XUojSZR5mp7KLD4W2KEXVPgod_mqTvul_4mw&amp;oe=6737A370&quot;,&quot;150&quot;:&quot;https:\\\/\\\/scontent-lhr8-1.cdninstagram.com\\\/v\\\/t51.29350-15\\\/445943997_1199741081457267_1155484385027072874_n.jpg?_nc_cat=111&amp;ccb=1-7&amp;_nc_sid=18de74&amp;_nc_ohc=L_zSf1xYzcgQ7kNvgHDT-5z&amp;_nc_zt=23&amp;_nc_ht=scontent-lhr8-1.cdninstagram.com&amp;edm=ANo9K5cEAAAA&amp;_nc_gid=AqKhVViEnp3zH8YCbRu2sdN&amp;oh=00_AYDaUA7BE3XUojSZR5mp7KLD4W2KEXVPgod_mqTvul_4mw&amp;oe=6737A370&quot;,&quot;320&quot;:&quot;https:\\\/\\\/scontent-lhr8-1.cdninstagram.com\\\/v\\\/t51.29350-15\\\/445943997_1199741081457267_1155484385027072874_n.jpg?_nc_cat=111&amp;ccb=1-7&amp;_nc_sid=18de74&amp;_nc_ohc=L_zSf1xYzcgQ7kNvgHDT-5z&amp;_nc_zt=23&amp;_nc_ht=scontent-lhr8-1.cdninstagram.com&amp;edm=ANo9K5cEAAAA&amp;_nc_gid=AqKhVViEnp3zH8YCbRu2sdN&amp;oh=00_AYDaUA7BE3XUojSZR5mp7KLD4W2KEXVPgod_mqTvul_4mw&amp;oe=6737A370&quot;,&quot;640&quot;:&quot;https:\\\/\\\/scontent-lhr8-1.cdninstagram.com\\\/v\\\/t51.29350-15\\\/445943997_1199741081457267_1155484385027072874_n.jpg?_nc_cat=111&amp;ccb=1-7&amp;_nc_sid=18de74&amp;_nc_ohc=L_zSf1xYzcgQ7kNvgHDT-5z&amp;_nc_zt=23&amp;_nc_ht=scontent-lhr8-1.cdninstagram.com&amp;edm=ANo9K5cEAAAA&amp;_nc_gid=AqKhVViEnp3zH8YCbRu2sdN&amp;oh=00_AYDaUA7BE3XUojSZR5mp7KLD4W2KEXVPgod_mqTvul_4mw&amp;oe=6737A370&quot;}\">\n\t\t\t<span class=\"sbi-screenreader\">Nouveau d\u00e9part<\/span>\n\t\t\t\t\t\t\t\t\t<img decoding=\"async\" src=\"https:\/\/locamaxime.com\/wp-content\/plugins\/instagram-feed\/img\/placeholder.png\" alt=\"Nouveau d\u00e9part\" aria-hidden=\"true\">\n\t\t<\/a>\n\t<\/div>\n<\/div>\t<\/div>\n\n\t<div id=\"sbi_load\" >\n\n\t\n\t\t\t<span class=\"sbi_follow_btn sbi_custom\" >\n\t\t\t<a target=\"_blank\"\n\t\t\t\trel=\"nofollow noopener\"  href=\"https:\/\/www.instagram.com\/locamaxime\/\" style=\"background: rgb(64,139,209);\">\n\t\t\t\t<svg class=\"svg-inline--fa fa-instagram fa-w-14\" aria-hidden=\"true\" data-fa-processed=\"\" aria-label=\"Instagram\" data-prefix=\"fab\" data-icon=\"instagram\" role=\"img\" viewBox=\"0 0 448 512\">\n                    <path fill=\"currentColor\" d=\"M224.1 141c-63.6 0-114.9 51.3-114.9 114.9s51.3 114.9 114.9 114.9S339 319.5 339 255.9 287.7 141 224.1 141zm0 189.6c-41.1 0-74.7-33.5-74.7-74.7s33.5-74.7 74.7-74.7 74.7 33.5 74.7 74.7-33.6 74.7-74.7 74.7zm146.4-194.3c0 14.9-12 26.8-26.8 26.8-14.9 0-26.8-12-26.8-26.8s12-26.8 26.8-26.8 26.8 12 26.8 26.8zm76.1 27.2c-1.7-35.9-9.9-67.7-36.2-93.9-26.2-26.2-58-34.4-93.9-36.2-37-2.1-147.9-2.1-184.9 0-35.8 1.7-67.6 9.9-93.9 36.1s-34.4 58-36.2 93.9c-2.1 37-2.1 147.9 0 184.9 1.7 35.9 9.9 67.7 36.2 93.9s58 34.4 93.9 36.2c37 2.1 147.9 2.1 184.9 0 35.9-1.7 67.7-9.9 93.9-36.2 26.2-26.2 34.4-58 36.2-93.9 2.1-37 2.1-147.8 0-184.8zM398.8 388c-7.8 19.6-22.9 34.7-42.6 42.6-29.5 11.7-99.5 9-132.1 9s-102.7 2.6-132.1-9c-19.6-7.8-34.7-22.9-42.6-42.6-11.7-29.5-9-99.5-9-132.1s-2.6-102.7 9-132.1c7.8-19.6 22.9-34.7 42.6-42.6 29.5-11.7 99.5-9 132.1-9s102.7-2.6 132.1 9c19.6 7.8 34.7 22.9 42.6 42.6 11.7 29.5 9 99.5 9 132.1s2.7 102.7-9 132.1z\"><\/path>\n                <\/svg>\t\t\t\t<span>Suivre sur Instagram<\/span>\n\t\t\t<\/a>\n\t\t<\/span>\n\t\n<\/div>\n\t\t<span class=\"sbi_resized_image_data\" data-feed-id=\"*1\"\n\t\t  data-resized=\"{&quot;18135669733330305&quot;:{&quot;id&quot;:&quot;445943997_1199741081457267_1155484385027072874_n&quot;,&quot;ratio&quot;:&quot;1.09&quot;,&quot;sizes&quot;:{&quot;full&quot;:640,&quot;low&quot;:320,&quot;thumb&quot;:150},&quot;extension&quot;:&quot;.jpg&quot;},&quot;18229378654287820&quot;:{&quot;id&quot;:&quot;447805029_676677211268882_603019607377631797_n&quot;,&quot;ratio&quot;:&quot;1.00&quot;,&quot;sizes&quot;:{&quot;full&quot;:640,&quot;low&quot;:320,&quot;thumb&quot;:150},&quot;extension&quot;:&quot;.jpg&quot;}}\">\n\t<\/span>\n\t<\/div>\n\n\n","protected":false},"excerpt":{"rendered":"locamaxime VILLA 42m\u00b2 1 CHAMBRE Cette charmante petite villa, Nouveau d\u00e9part Suivre sur Instagram","protected":false},"author":1,"featured_media":0,"parent":0,"menu_order":0,"comment_status":"closed","ping_status":"closed","template":"","meta":{"_monsterinsights_skip_tracking":false,"_monsterinsights_sitenote_active":false,"_monsterinsights_sitenote_note":"","_monsterinsights_sitenote_category":0,"footnotes":""},"class_list":["post-1362","page","type-page","status-publish","hentry"],"yoast_head":"<!-- This site is optimized with the Yoast SEO plugin v27.4 - https:\/\/yoast.com\/product\/yoast-seo-wordpress\/ -->\n<title>Instagram - Appartements \u00e0 louer \u00e0 Sainte-Maxime<\/title>\n<meta name=\"robots\" content=\"index, follow, max-snippet:-1, max-image-preview:large, max-video-preview:-1\" \/>\n<link rel=\"canonical\" href=\"https:\/\/locamaxime.com\/index.php\/instagram\/\" \/>\n<meta property=\"og:locale\" content=\"fr_FR\" \/>\n<meta property=\"og:type\" content=\"article\" \/>\n<meta property=\"og:title\" content=\"Instagram - Appartements \u00e0 louer \u00e0 Sainte-Maxime\" \/>\n<meta property=\"og:url\" content=\"https:\/\/locamaxime.com\/index.php\/instagram\/\" \/>\n<meta property=\"og:site_name\" content=\"Appartements \u00e0 louer \u00e0 Sainte-Maxime\" \/>\n<meta property=\"article:modified_time\" content=\"2024-05-27T13:43:34+00:00\" \/>\n<meta name=\"twitter:card\" content=\"summary_large_image\" \/>\n<meta name=\"twitter:label1\" content=\"Dur\u00e9e de lecture estim\u00e9e\" \/>\n\t<meta name=\"twitter:data1\" content=\"1 minute\" \/>\n<script type=\"application\/ld+json\" class=\"yoast-schema-graph\">{\"@context\":\"https:\\\/\\\/schema.org\",\"@graph\":[{\"@type\":\"WebPage\",\"@id\":\"https:\\\/\\\/locamaxime.com\\\/index.php\\\/instagram\\\/\",\"url\":\"https:\\\/\\\/locamaxime.com\\\/index.php\\\/instagram\\\/\",\"name\":\"Instagram - Appartements \u00e0 louer \u00e0 Sainte-Maxime\",\"isPartOf\":{\"@id\":\"https:\\\/\\\/locamaxime.com\\\/#website\"},\"datePublished\":\"2024-05-27T13:43:32+00:00\",\"dateModified\":\"2024-05-27T13:43:34+00:00\",\"breadcrumb\":{\"@id\":\"https:\\\/\\\/locamaxime.com\\\/index.php\\\/instagram\\\/#breadcrumb\"},\"inLanguage\":\"fr-FR\",\"potentialAction\":[{\"@type\":\"ReadAction\",\"target\":[\"https:\\\/\\\/locamaxime.com\\\/index.php\\\/instagram\\\/\"]}]},{\"@type\":\"BreadcrumbList\",\"@id\":\"https:\\\/\\\/locamaxime.com\\\/index.php\\\/instagram\\\/#breadcrumb\",\"itemListElement\":[{\"@type\":\"ListItem\",\"position\":1,\"name\":\"Accueil\",\"item\":\"https:\\\/\\\/locamaxime.com\\\/\"},{\"@type\":\"ListItem\",\"position\":2,\"name\":\"Instagram\"}]},{\"@type\":\"WebSite\",\"@id\":\"https:\\\/\\\/locamaxime.com\\\/#website\",\"url\":\"https:\\\/\\\/locamaxime.com\\\/\",\"name\":\"Appartements \u00e0 louer \u00e0 Sainte-Maxime\",\"description\":\"\",\"potentialAction\":[{\"@type\":\"SearchAction\",\"target\":{\"@type\":\"EntryPoint\",\"urlTemplate\":\"https:\\\/\\\/locamaxime.com\\\/?s={search_term_string}\"},\"query-input\":{\"@type\":\"PropertyValueSpecification\",\"valueRequired\":true,\"valueName\":\"search_term_string\"}}],\"inLanguage\":\"fr-FR\"}]}<\/script>\n<!-- \/ Yoast SEO plugin. -->","yoast_head_json":{"title":"Instagram - Appartements \u00e0 louer \u00e0 Sainte-Maxime","robots":{"index":"index","follow":"follow","max-snippet":"max-snippet:-1","max-image-preview":"max-image-preview:large","max-video-preview":"max-video-preview:-1"},"canonical":"https:\/\/locamaxime.com\/index.php\/instagram\/","og_locale":"fr_FR","og_type":"article","og_title":"Instagram - Appartements \u00e0 louer \u00e0 Sainte-Maxime","og_url":"https:\/\/locamaxime.com\/index.php\/instagram\/","og_site_name":"Appartements \u00e0 louer \u00e0 Sainte-Maxime","article_modified_time":"2024-05-27T13:43:34+00:00","twitter_card":"summary_large_image","twitter_misc":{"Dur\u00e9e de lecture estim\u00e9e":"1 minute"},"schema":{"@context":"https:\/\/schema.org","@graph":[{"@type":"WebPage","@id":"https:\/\/locamaxime.com\/index.php\/instagram\/","url":"https:\/\/locamaxime.com\/index.php\/instagram\/","name":"Instagram - Appartements \u00e0 louer \u00e0 Sainte-Maxime","isPartOf":{"@id":"https:\/\/locamaxime.com\/#website"},"datePublished":"2024-05-27T13:43:32+00:00","dateModified":"2024-05-27T13:43:34+00:00","breadcrumb":{"@id":"https:\/\/locamaxime.com\/index.php\/instagram\/#breadcrumb"},"inLanguage":"fr-FR","potentialAction":[{"@type":"ReadAction","target":["https:\/\/locamaxime.com\/index.php\/instagram\/"]}]},{"@type":"BreadcrumbList","@id":"https:\/\/locamaxime.com\/index.php\/instagram\/#breadcrumb","itemListElement":[{"@type":"ListItem","position":1,"name":"Accueil","item":"https:\/\/locamaxime.com\/"},{"@type":"ListItem","position":2,"name":"Instagram"}]},{"@type":"WebSite","@id":"https:\/\/locamaxime.com\/#website","url":"https:\/\/locamaxime.com\/","name":"Appartements \u00e0 louer \u00e0 Sainte-Maxime","description":"","potentialAction":[{"@type":"SearchAction","target":{"@type":"EntryPoint","urlTemplate":"https:\/\/locamaxime.com\/?s={search_term_string}"},"query-input":{"@type":"PropertyValueSpecification","valueRequired":true,"valueName":"search_term_string"}}],"inLanguage":"fr-FR"}]}},"_links":{"self":[{"href":"https:\/\/locamaxime.com\/index.php\/wp-json\/wp\/v2\/pages\/1362","targetHints":{"allow":["GET"]}}],"collection":[{"href":"https:\/\/locamaxime.com\/index.php\/wp-json\/wp\/v2\/pages"}],"about":[{"href":"https:\/\/locamaxime.com\/index.php\/wp-json\/wp\/v2\/types\/page"}],"author":[{"embeddable":true,"href":"https:\/\/locamaxime.com\/index.php\/wp-json\/wp\/v2\/users\/1"}],"replies":[{"embeddable":true,"href":"https:\/\/locamaxime.com\/index.php\/wp-json\/wp\/v2\/comments?post=1362"}],"version-history":[{"count":1,"href":"https:\/\/locamaxime.com\/index.php\/wp-json\/wp\/v2\/pages\/1362\/revisions"}],"predecessor-version":[{"id":1363,"href":"https:\/\/locamaxime.com\/index.php\/wp-json\/wp\/v2\/pages\/1362\/revisions\/1363"}],"wp:attachment":[{"href":"https:\/\/locamaxime.com\/index.php\/wp-json\/wp\/v2\/media?parent=1362"}],"curies":[{"name":"wp","href":"https:\/\/api.w.org\/{rel}","templated":true}]}}